{"id":2054,"date":"2021-11-19T11:32:00","date_gmt":"2021-11-19T10:32:00","guid":{"rendered":"https:\/\/landing1.monocrm.dev\/live-data\/"},"modified":"2021-12-29T13:19:28","modified_gmt":"2021-12-29T12:19:28","slug":"live-data","status":"publish","type":"page","link":"https:\/\/landing1.monocrm.dev\/de\/live-data","title":{"rendered":"Live Data de"},"content":{"rendered":"\t\t<div data-elementor-type=\"wp-page\" data-elementor-id=\"2054\" class=\"elementor elementor-2054\">\n\t\t\t\t\t\t\t\t\t<section class=\"elementor-section elementor-top-section elementor-element elementor-element-85b7323 elementor-section-height-min-height elementor-section-boxed elementor-section-height-default elementor-section-items-middle\" data-id=\"85b7323\" data-element_type=\"section\" data-settings=\"{&quot;background_background&quot;:&quot;classic&quot;}\">\n\t\t\t\t\t\t<div class=\"elementor-container elementor-column-gap-default\">\n\t\t\t\t\t<div class=\"elementor-column elementor-col-100 elementor-top-column elementor-element elementor-element-d2d8a13\" data-id=\"d2d8a13\" data-element_type=\"column\">\n\t\t\t<div class=\"elementor-widget-wrap elementor-element-populated\">\n\t\t\t\t\t\t\t\t<div class=\"elementor-element elementor-element-25476ee elementor-invisible elementor-widget elementor-widget-heading\" data-id=\"25476ee\" data-element_type=\"widget\" data-settings=\"{&quot;_animation&quot;:&quot;fadeInDown&quot;}\" data-widget_type=\"heading.default\">\n\t\t\t\t<div class=\"elementor-widget-container\">\n\t\t\t<style>\/*! elementor - v3.17.0 - 08-11-2023 *\/\n.elementor-heading-title{padding:0;margin:0;line-height:1}.elementor-widget-heading .elementor-heading-title[class*=elementor-size-]>a{color:inherit;font-size:inherit;line-height:inherit}.elementor-widget-heading .elementor-heading-title.elementor-size-small{font-size:15px}.elementor-widget-heading .elementor-heading-title.elementor-size-medium{font-size:19px}.elementor-widget-heading .elementor-heading-title.elementor-size-large{font-size:29px}.elementor-widget-heading .elementor-heading-title.elementor-size-xl{font-size:39px}.elementor-widget-heading .elementor-heading-title.elementor-size-xxl{font-size:59px}<\/style><h2 class=\"elementor-heading-title elementor-size-default\">Live-Daten<\/h2>\t\t<\/div>\n\t\t\t\t<\/div>\n\t\t\t\t\t<\/div>\n\t\t<\/div>\n\t\t\t\t\t\t\t<\/div>\n\t\t<\/section>\n\t\t\t\t<section class=\"elementor-section elementor-top-section elementor-element elementor-element-9d5c28a elementor-section-boxed elementor-section-height-default elementor-section-height-default\" data-id=\"9d5c28a\" data-element_type=\"section\">\n\t\t\t\t\t\t<div class=\"elementor-container elementor-column-gap-default\">\n\t\t\t\t\t<div class=\"elementor-column elementor-col-50 elementor-top-column elementor-element elementor-element-9b9a5c9 elementor-invisible\" data-id=\"9b9a5c9\" data-element_type=\"column\" data-settings=\"{&quot;animation&quot;:&quot;fadeInLeft&quot;}\">\n\t\t\t<div class=\"elementor-widget-wrap elementor-element-populated\">\n\t\t\t\t\t\t\t\t<div class=\"elementor-element elementor-element-fb46856 elementor-widget elementor-widget-text-editor\" data-id=\"fb46856\" data-element_type=\"widget\" data-widget_type=\"text-editor.default\">\n\t\t\t\t<div class=\"elementor-widget-container\">\n\t\t\t<style>\/*! elementor - v3.17.0 - 08-11-2023 *\/\n.elementor-widget-text-editor.elementor-drop-cap-view-stacked .elementor-drop-cap{background-color:#69727d;color:#fff}.elementor-widget-text-editor.elementor-drop-cap-view-framed .elementor-drop-cap{color:#69727d;border:3px solid;background-color:transparent}.elementor-widget-text-editor:not(.elementor-drop-cap-view-default) .elementor-drop-cap{margin-top:8px}.elementor-widget-text-editor:not(.elementor-drop-cap-view-default) .elementor-drop-cap-letter{width:1em;height:1em}.elementor-widget-text-editor .elementor-drop-cap{float:left;text-align:center;line-height:1;font-size:50px}.elementor-widget-text-editor .elementor-drop-cap-letter{display:inline-block}<\/style>\t\t\t\t<p>M\u00e4rkte \u00e4ndern sich schnell, daher ist es besonders f\u00fcr Anleger wichtig, auf dem Laufenden zu bleiben. Wir verwenden Echtzeit-Marktdatenstr\u00f6me, um sicherzustellen, dass Kunden von dem, was in Echtzeit passiert, profitieren k\u00f6nnen. Chancen ergeben sich durch den Zugang zu Marktdaten.<\/p><p>Die Verwendung solider Echtzeit-Marktdaten kann jedoch noch vorteilhafter sein. Obwohl jedes Unternehmen oder jede Organisation ihre eigenen Anforderungen hat, gibt es einige wichtige Vorteile, die f\u00fcr alle gelten.<\/p>\t\t\t\t\t\t<\/div>\n\t\t\t\t<\/div>\n\t\t\t\t\t<\/div>\n\t\t<\/div>\n\t\t\t\t<div class=\"elementor-column elementor-col-50 elementor-top-column elementor-element elementor-element-efa6b75 elementor-invisible\" data-id=\"efa6b75\" data-element_type=\"column\" data-settings=\"{&quot;animation&quot;:&quot;fadeInRight&quot;}\">\n\t\t\t<div class=\"elementor-widget-wrap elementor-element-populated\">\n\t\t\t\t\t\t\t\t<div class=\"elementor-element elementor-element-f2acdbc elementor-widget elementor-widget-text-editor\" data-id=\"f2acdbc\" data-element_type=\"widget\" data-widget_type=\"text-editor.default\">\n\t\t\t\t<div class=\"elementor-widget-container\">\n\t\t\t\t\t\t\t\n<div class=\"tradingview-widget-container\">\n<div class=\"tradingview-widget-container__widget\"><\/div>\n<script type=\"text\/javascript\" src=\"https:\/\/s3.tradingview.com\/external-embedding\/embed-widget-market-quotes.js\" async>\n  {\n  \"width\": \"100%\",\n  \"height\": \"400\",\n  \"symbolsGroups\": [\n    {\n      \"name\": \"Indices\",\n      \"originalName\": \"Indices\",\n      \"symbols\": [\n        {\n          \"name\": \"FOREXCOM:SPXUSD\",\n          \"displayName\": \"S&P 500\"\n        },\n        {\n          \"name\": \"FOREXCOM:NSXUSD\",\n          \"displayName\": \"US 100\"\n        },\n        {\n          \"name\": \"FOREXCOM:DJI\",\n          \"displayName\": \"Dow 30\"\n        },\n        {\n          \"name\": \"INDEX:NKY\",\n          \"displayName\": \"Nikkei 225\"\n        },\n        {\n          \"name\": \"INDEX:DEU40\",\n          \"displayName\": \"DAX Index\"\n        },\n        {\n          \"name\": \"FOREXCOM:UKXGBP\",\n          \"displayName\": \"UK 100\"\n        }\n      ]\n    },\n    {\n      \"name\": \"Futures\",\n      \"originalName\": \"Futures\",\n      \"symbols\": [\n        {\n          \"name\": \"CME_MINI:ES1!\",\n          \"displayName\": \"S&P 500\"\n        },\n        {\n          \"name\": \"CME:6E1!\",\n          \"displayName\": \"Euro\"\n        },\n        {\n          \"name\": \"COMEX:GC1!\",\n          \"displayName\": \"Gold\"\n        },\n        {\n          \"name\": \"NYMEX:CL1!\",\n          \"displayName\": \"Crude Oil\"\n        },\n        {\n          \"name\": \"NYMEX:NG1!\",\n          \"displayName\": \"Natural Gas\"\n        },\n        {\n          \"name\": \"CBOT:ZC1!\",\n          \"displayName\": \"Corn\"\n        }\n      ]\n    },\n    {\n      \"name\": \"Bonds\",\n      \"originalName\": \"Bonds\",\n      \"symbols\": [\n        {\n          \"name\": \"CME:GE1!\",\n          \"displayName\": \"Eurodollar\"\n        },\n        {\n          \"name\": \"CBOT:ZB1!\",\n          \"displayName\": \"T-Bond\"\n        },\n        {\n          \"name\": \"CBOT:UB1!\",\n          \"displayName\": \"Ultra T-Bond\"\n        },\n        {\n          \"name\": \"EUREX:FGBL1!\",\n          \"displayName\": \"Euro Bund\"\n        },\n        {\n          \"name\": \"EUREX:FBTP1!\",\n          \"displayName\": \"Euro BTP\"\n        },\n        {\n          \"name\": \"EUREX:FGBM1!\",\n          \"displayName\": \"Euro BOBL\"\n        }\n      ]\n    },\n    {\n      \"name\": \"Forex\",\n      \"originalName\": \"Forex\",\n      \"symbols\": [\n        {\n          \"name\": \"FX:EURUSD\"\n        },\n        {\n          \"name\": \"FX:GBPUSD\"\n        },\n        {\n          \"name\": \"FX:USDJPY\"\n        },\n        {\n          \"name\": \"FX:USDCHF\"\n        },\n        {\n          \"name\": \"FX:AUDUSD\"\n        },\n        {\n          \"name\": \"FX:USDCAD\"\n        }\n      ]\n    }\n  ],\n  \"showSymbolLogo\": true,\n  \"colorTheme\": \"light\",\n  \"isTransparent\": false,\n  \"locale\": \"en\"\n}\n  <\/script>\n\n<\/div>\n\t\t\t\t\t\t<\/div>\n\t\t\t\t<\/div>\n\t\t\t\t\t<\/div>\n\t\t<\/div>\n\t\t\t\t\t\t\t<\/div>\n\t\t<\/section>\n\t\t\t\t<section class=\"elementor-section elementor-top-section elementor-element elementor-element-ca88337 elementor-section-full_width elementor-section-height-default elementor-section-height-default\" data-id=\"ca88337\" data-element_type=\"section\" data-settings=\"{&quot;background_background&quot;:&quot;classic&quot;}\">\n\t\t\t\t\t\t<div class=\"elementor-container elementor-column-gap-default\">\n\t\t\t\t\t<div class=\"elementor-column elementor-col-100 elementor-top-column elementor-element elementor-element-a7eb3f1\" data-id=\"a7eb3f1\" data-element_type=\"column\">\n\t\t\t<div class=\"elementor-widget-wrap elementor-element-populated\">\n\t\t\t\t\t\t\t\t<div class=\"elementor-element elementor-element-cf49294 elementor-invisible elementor-widget elementor-widget-heading\" data-id=\"cf49294\" data-element_type=\"widget\" data-settings=\"{&quot;_animation&quot;:&quot;fadeInDown&quot;}\" data-widget_type=\"heading.default\">\n\t\t\t\t<div class=\"elementor-widget-container\">\n\t\t\t<h2 class=\"elementor-heading-title elementor-size-default\">Beginnen Sie noch heute! In weniger als 2 Minuten k\u00f6nnen Sie sich registrieren und Zugang zu den Weltm\u00e4rkten erhalten.<\/h2>\t\t<\/div>\n\t\t\t\t<\/div>\n\t\t\t\t<div class=\"elementor-element elementor-element-7bbc842 elementor-align-center elementor-tablet-align-center elementor-invisible elementor-widget elementor-widget-button\" data-id=\"7bbc842\" data-element_type=\"widget\" data-settings=\"{&quot;_animation&quot;:&quot;fadeInUp&quot;}\" data-widget_type=\"button.default\">\n\t\t\t\t<div class=\"elementor-widget-container\">\n\t\t\t\t\t<div class=\"elementor-button-wrapper\">\n\t\t\t<a class=\"elementor-button elementor-button-link elementor-size-sm elementor-animation-grow\" href=\"https:\/\/landing1.monocrm.dev\/de\/register\/\">\n\t\t\t\t\t\t<span class=\"elementor-button-content-wrapper\">\n\t\t\t\t\t\t<span class=\"elementor-button-text\">Plattform betreten<\/span>\n\t\t<\/span>\n\t\t\t\t\t<\/a>\n\t\t<\/div>\n\t\t\t\t<\/div>\n\t\t\t\t<\/div>\n\t\t\t\t\t<\/div>\n\t\t<\/div>\n\t\t\t\t\t\t\t<\/div>\n\t\t<\/section>\n\t\t\t\t<section class=\"elementor-section elementor-top-section elementor-element elementor-element-c99e0d4 elementor-section-boxed elementor-section-height-default elementor-section-height-default\" data-id=\"c99e0d4\" data-element_type=\"section\">\n\t\t\t\t\t\t<div class=\"elementor-container elementor-column-gap-default\">\n\t\t\t\t\t<div class=\"elementor-column elementor-col-14 elementor-top-column elementor-element elementor-element-13cec10\" data-id=\"13cec10\" data-element_type=\"column\">\n\t\t\t<div class=\"elementor-widget-wrap elementor-element-populated\">\n\t\t\t\t\t\t\t\t<div class=\"elementor-element elementor-element-a14576f elementor-invisible elementor-widget elementor-widget-heading\" data-id=\"a14576f\" data-element_type=\"widget\" data-settings=\"{&quot;_animation&quot;:&quot;slideInLeft&quot;,&quot;_animation_mobile&quot;:&quot;fadeIn&quot;,&quot;_animation_delay&quot;:1000}\" data-widget_type=\"heading.default\">\n\t\t\t\t<div class=\"elementor-widget-container\">\n\t\t\t<h2 class=\"elementor-heading-title elementor-size-default\">Wir<br> akzeptieren:<\/h2>\t\t<\/div>\n\t\t\t\t<\/div>\n\t\t\t\t\t<\/div>\n\t\t<\/div>\n\t\t\t\t<div class=\"elementor-column elementor-col-14 elementor-top-column elementor-element elementor-element-505393c\" data-id=\"505393c\" data-element_type=\"column\">\n\t\t\t<div class=\"elementor-widget-wrap elementor-element-populated\">\n\t\t\t\t\t\t\t\t<div class=\"elementor-element elementor-element-e74b2e2 elementor-invisible elementor-widget elementor-widget-image\" data-id=\"e74b2e2\" data-element_type=\"widget\" data-settings=\"{&quot;_animation&quot;:&quot;fadeIn&quot;,&quot;_animation_mobile&quot;:&quot;fadeIn&quot;,&quot;_animation_delay&quot;:1500}\" data-widget_type=\"image.default\">\n\t\t\t\t<div class=\"elementor-widget-container\">\n\t\t\t<style>\/*! elementor - v3.17.0 - 08-11-2023 *\/\n.elementor-widget-image{text-align:center}.elementor-widget-image a{display:inline-block}.elementor-widget-image a img[src$=\".svg\"]{width:48px}.elementor-widget-image img{vertical-align:middle;display:inline-block}<\/style>\t\t\t\t\t\t\t\t\t\t\t\t<img decoding=\"async\" src=\"https:\/\/7777777.trade\/210902b\/wp-content\/uploads\/2021\/09\/card-1.png\" title=\"\" alt=\"\" loading=\"lazy\" \/>\t\t\t\t\t\t\t\t\t\t\t\t\t\t\t<\/div>\n\t\t\t\t<\/div>\n\t\t\t\t\t<\/div>\n\t\t<\/div>\n\t\t\t\t<div class=\"elementor-column elementor-col-14 elementor-top-column elementor-element elementor-element-842f9a6\" data-id=\"842f9a6\" data-element_type=\"column\">\n\t\t\t<div class=\"elementor-widget-wrap elementor-element-populated\">\n\t\t\t\t\t\t\t\t<div class=\"elementor-element elementor-element-c701cf4 elementor-invisible elementor-widget elementor-widget-image\" data-id=\"c701cf4\" data-element_type=\"widget\" data-settings=\"{&quot;_animation&quot;:&quot;fadeIn&quot;,&quot;_animation_mobile&quot;:&quot;fadeIn&quot;,&quot;_animation_delay&quot;:1750}\" data-widget_type=\"image.default\">\n\t\t\t\t<div class=\"elementor-widget-container\">\n\t\t\t\t\t\t\t\t\t\t\t\t\t\t\t<img decoding=\"async\" src=\"https:\/\/7777777.trade\/210902b\/wp-content\/uploads\/2021\/09\/card-2.png\" title=\"\" alt=\"\" loading=\"lazy\" \/>\t\t\t\t\t\t\t\t\t\t\t\t\t\t\t<\/div>\n\t\t\t\t<\/div>\n\t\t\t\t\t<\/div>\n\t\t<\/div>\n\t\t\t\t<div class=\"elementor-column elementor-col-14 elementor-top-column elementor-element elementor-element-ad8fd9d\" data-id=\"ad8fd9d\" data-element_type=\"column\">\n\t\t\t<div class=\"elementor-widget-wrap elementor-element-populated\">\n\t\t\t\t\t\t\t\t<div class=\"elementor-element elementor-element-d6fac17 elementor-invisible elementor-widget elementor-widget-image\" data-id=\"d6fac17\" data-element_type=\"widget\" data-settings=\"{&quot;_animation&quot;:&quot;fadeIn&quot;,&quot;_animation_mobile&quot;:&quot;fadeIn&quot;,&quot;_animation_delay&quot;:2000}\" data-widget_type=\"image.default\">\n\t\t\t\t<div class=\"elementor-widget-container\">\n\t\t\t\t\t\t\t\t\t\t\t\t\t\t\t<img loading=\"lazy\" decoding=\"async\" width=\"136\" height=\"29\" src=\"https:\/\/landing1.monocrm.dev\/wp-content\/uploads\/2021\/11\/bit-4.png\" class=\"attachment-full size-full wp-image-1732\" alt=\"\" \/>\t\t\t\t\t\t\t\t\t\t\t\t\t\t\t<\/div>\n\t\t\t\t<\/div>\n\t\t\t\t\t<\/div>\n\t\t<\/div>\n\t\t\t\t<div class=\"elementor-column elementor-col-14 elementor-top-column elementor-element elementor-element-4368387\" data-id=\"4368387\" data-element_type=\"column\">\n\t\t\t<div class=\"elementor-widget-wrap elementor-element-populated\">\n\t\t\t\t\t\t\t\t<div class=\"elementor-element elementor-element-3ded7f5 elementor-invisible elementor-widget elementor-widget-image\" data-id=\"3ded7f5\" data-element_type=\"widget\" data-settings=\"{&quot;_animation&quot;:&quot;fadeIn&quot;,&quot;_animation_mobile&quot;:&quot;fadeIn&quot;,&quot;_animation_delay&quot;:2250}\" data-widget_type=\"image.default\">\n\t\t\t\t<div class=\"elementor-widget-container\">\n\t\t\t\t\t\t\t\t\t\t\t\t\t\t\t<img loading=\"lazy\" decoding=\"async\" width=\"100\" height=\"33\" src=\"https:\/\/landing1.monocrm.dev\/wp-content\/uploads\/2021\/11\/visa-3.png\" class=\"attachment-full size-full wp-image-1735\" alt=\"\" \/>\t\t\t\t\t\t\t\t\t\t\t\t\t\t\t<\/div>\n\t\t\t\t<\/div>\n\t\t\t\t\t<\/div>\n\t\t<\/div>\n\t\t\t\t<div class=\"elementor-column elementor-col-14 elementor-top-column elementor-element elementor-element-f0db1d1\" data-id=\"f0db1d1\" data-element_type=\"column\">\n\t\t\t<div class=\"elementor-widget-wrap elementor-element-populated\">\n\t\t\t\t\t\t\t\t<div class=\"elementor-element elementor-element-ffb2f46 elementor-invisible elementor-widget elementor-widget-image\" data-id=\"ffb2f46\" data-element_type=\"widget\" data-settings=\"{&quot;_animation&quot;:&quot;fadeIn&quot;,&quot;_animation_mobile&quot;:&quot;fadeIn&quot;,&quot;_animation_delay&quot;:2500}\" data-widget_type=\"image.default\">\n\t\t\t\t<div class=\"elementor-widget-container\">\n\t\t\t\t\t\t\t\t\t\t\t\t\t\t\t<img loading=\"lazy\" decoding=\"async\" width=\"147\" height=\"40\" src=\"https:\/\/landing1.monocrm.dev\/wp-content\/uploads\/2021\/11\/master-2.png\" class=\"attachment-full size-full wp-image-1734\" alt=\"\" \/>\t\t\t\t\t\t\t\t\t\t\t\t\t\t\t<\/div>\n\t\t\t\t<\/div>\n\t\t\t\t\t<\/div>\n\t\t<\/div>\n\t\t\t\t<div class=\"elementor-column elementor-col-14 elementor-top-column elementor-element elementor-element-9a53d92\" data-id=\"9a53d92\" data-element_type=\"column\">\n\t\t\t<div class=\"elementor-widget-wrap elementor-element-populated\">\n\t\t\t\t\t\t\t\t<div class=\"elementor-element elementor-element-bc71c5b elementor-invisible elementor-widget elementor-widget-image\" data-id=\"bc71c5b\" data-element_type=\"widget\" data-settings=\"{&quot;_animation&quot;:&quot;fadeIn&quot;,&quot;_animation_mobile&quot;:&quot;fadeIn&quot;,&quot;_animation_delay&quot;:2750}\" data-widget_type=\"image.default\">\n\t\t\t\t<div class=\"elementor-widget-container\">\n\t\t\t\t\t\t\t\t\t\t\t\t\t\t\t<img loading=\"lazy\" decoding=\"async\" width=\"130\" height=\"38\" src=\"https:\/\/landing1.monocrm.dev\/wp-content\/uploads\/2021\/11\/master-1.png\" class=\"attachment-full size-full wp-image-1733\" alt=\"\" \/>\t\t\t\t\t\t\t\t\t\t\t\t\t\t\t<\/div>\n\t\t\t\t<\/div>\n\t\t\t\t\t<\/div>\n\t\t<\/div>\n\t\t\t\t\t\t\t<\/div>\n\t\t<\/section>\n\t\t\t\t\t\t\t<\/div>\n\t\t","protected":false},"excerpt":{"rendered":"<p>Live-Daten M\u00e4rkte \u00e4ndern sich schnell, daher ist es besonders f\u00fcr Anleger wichtig, auf dem Laufenden zu bleiben. Wir verwenden Echtzeit-Marktdatenstr\u00f6me, um sicherzustellen, dass Kunden von dem, was in Echtzeit passiert, profitieren k\u00f6nnen. Chancen ergeben sich durch den Zugang zu Marktdaten. Die Verwendung solider Echtzeit-Marktdaten kann jedoch noch vorteilhafter sein. Obwohl jedes Unternehmen oder jede Organisation [&hellip;]<\/p>\n","protected":false},"author":1,"featured_media":0,"parent":0,"menu_order":0,"comment_status":"closed","ping_status":"closed","template":"","meta":{"footnotes":""},"class_list":["post-2054","page","type-page","status-publish","hentry"],"_links":{"self":[{"href":"https:\/\/landing1.monocrm.dev\/de\/wp-json\/wp\/v2\/pages\/2054","targetHints":{"allow":["GET"]}}],"collection":[{"href":"https:\/\/landing1.monocrm.dev\/de\/wp-json\/wp\/v2\/pages"}],"about":[{"href":"https:\/\/landing1.monocrm.dev\/de\/wp-json\/wp\/v2\/types\/page"}],"author":[{"embeddable":true,"href":"https:\/\/landing1.monocrm.dev\/de\/wp-json\/wp\/v2\/users\/1"}],"replies":[{"embeddable":true,"href":"https:\/\/landing1.monocrm.dev\/de\/wp-json\/wp\/v2\/comments?post=2054"}],"version-history":[{"count":7,"href":"https:\/\/landing1.monocrm.dev\/de\/wp-json\/wp\/v2\/pages\/2054\/revisions"}],"predecessor-version":[{"id":2241,"href":"https:\/\/landing1.monocrm.dev\/de\/wp-json\/wp\/v2\/pages\/2054\/revisions\/2241"}],"wp:attachment":[{"href":"https:\/\/landing1.monocrm.dev\/de\/wp-json\/wp\/v2\/media?parent=2054"}],"curies":[{"name":"wp","href":"https:\/\/api.w.org\/{rel}","templated":true}]}}